{"id":60,"date":"2025-10-26T15:57:35","date_gmt":"2025-10-26T14:57:35","guid":{"rendered":"https:\/\/bcjobs.fr\/?page_id=60"},"modified":"2025-11-04T19:30:13","modified_gmt":"2025-11-04T18:30:13","slug":"emploi","status":"publish","type":"page","link":"https:\/\/bcjobs.fr\/index.php\/emploi\/","title":{"rendered":"Emploi"},"content":{"rendered":"\t\t<div data-elementor-type=\"wp-page\" data-elementor-id=\"60\" class=\"elementor elementor-60\">\n\t\t\t\t<div class=\"elementor-element elementor-element-d8d6a0b e-flex e-con-boxed e-con e-parent\" data-id=\"d8d6a0b\" data-element_type=\"container\" data-e-type=\"container\">\n\t\t\t\t\t<div class=\"e-con-inner\">\n\t\t\t\t<div class=\"elementor-element elementor-element-45ddfb2 elementor-widget__width-initial elementor-widget elementor-widget-image\" data-id=\"45ddfb2\" data-element_type=\"widget\" data-e-type=\"widget\" data-widget_type=\"image.default\">\n\t\t\t\t\t\t\t\t\t\t\t\t\t\t\t<img fetchpriority=\"high\" decoding=\"async\" width=\"450\" height=\"362\" src=\"https:\/\/bcjobs.fr\/wp-content\/uploads\/2025\/11\/202593597-embleme-du-service-technique-logo-de-l-atelier-plombier-avec-cle-de-plomberie-construction.jpg\" class=\"attachment-large size-large wp-image-295\" alt=\"\" srcset=\"https:\/\/bcjobs.fr\/wp-content\/uploads\/2025\/11\/202593597-embleme-du-service-technique-logo-de-l-atelier-plombier-avec-cle-de-plomberie-construction.jpg 450w, https:\/\/bcjobs.fr\/wp-content\/uploads\/2025\/11\/202593597-embleme-du-service-technique-logo-de-l-atelier-plombier-avec-cle-de-plomberie-construction-300x241.jpg 300w\" sizes=\"(max-width: 450px) 100vw, 450px\" \/>\t\t\t\t\t\t\t\t\t\t\t\t\t\t\t<\/div>\n\t\t\t\t\t<\/div>\n\t\t\t\t<\/div>\n\t\t<div class=\"elementor-element elementor-element-e847920 e-flex e-con-boxed e-con e-parent\" data-id=\"e847920\" data-element_type=\"container\" data-e-type=\"container\">\n\t\t\t\t\t<div class=\"e-con-inner\">\n\t\t\t\t<div class=\"elementor-element elementor-element-aa9fbbb elementor-widget elementor-widget-heading\" data-id=\"aa9fbbb\" data-element_type=\"widget\" data-e-type=\"widget\" data-widget_type=\"heading.default\">\n\t\t\t\t\t<h2 class=\"elementor-heading-title elementor-size-default\"><p class=\"framer-text framer-styles-preset-uw75zv\" data-styles-preset=\"iBy79QlOk\" style=\"margin: 0px;padding: 0px;, sans-serif;font-weight: 500;font-size: 24px;letter-spacing: -0.72px;line-height: 36px;border-radius: 0px;, sans-serif;, sans-serif;, sans-serif;, sans-serif;--framer-font-open-type-features: 'blwf' on, 'cv09' on, 'cv03' on, 'cv04' on, 'cv11' on;--framer-font-size: 24px;--framer-font-style: normal;--framer-font-style-bold: normal;--framer-font-style-bold-italic: italic;--framer-font-style-italic: italic;--framer-font-variation-axes: normal;--framer-font-weight: 500;--framer-font-weight-bold: 700;--framer-font-weight-bold-italic: 700;--framer-font-weight-italic: 500;--framer-letter-spacing: -0.03em;--framer-line-height: 1.5em;--framer-paragraph-spacing: 20px;--framer-text-alignment: left;--framer-text-decoration: none;--framer-text-stroke-color: initial;--framer-text-stroke-width: initial;--framer-text-transform: none\"><span class=\"framer-text\" style=\"font-weight: 700\">Aucune offre d\u2019emploi pour le moment<\/span><br class=\"framer-text\">Nous n\u2019avons pas encore d\u2019offres disponibles sur BC Jobs. <\/p><p class=\"framer-text framer-styles-preset-uw75zv\" data-styles-preset=\"iBy79QlOk\" style=\"margin: 20px 0px 0px;padding: 0px;, sans-serif;font-weight: 500;font-size: 24px;letter-spacing: -0.72px;line-height: 36px;border-radius: 0px;, sans-serif;, sans-serif;, sans-serif;, sans-serif;--framer-font-open-type-features: 'blwf' on, 'cv09' on, 'cv03' on, 'cv04' on, 'cv11' on;--framer-font-size: 24px;--framer-font-style: normal;--framer-font-style-bold: normal;--framer-font-style-bold-italic: italic;--framer-font-style-italic: italic;--framer-font-variation-axes: normal;--framer-font-weight: 500;--framer-font-weight-bold: 700;--framer-font-weight-bold-italic: 700;--framer-font-weight-italic: 500;--framer-letter-spacing: -0.03em;--framer-line-height: 1.5em;--framer-paragraph-spacing: 20px;--framer-text-alignment: left;--framer-text-decoration: none;--framer-text-stroke-color: initial;--framer-text-stroke-width: initial;--framer-text-transform: none\">Revenez bient\u00f4t : des opportunit\u00e9s seront propos\u00e9es prochainement.<\/p><\/h2>\t\t\t\t<\/div>\n\t\t\t\t\t<\/div>\n\t\t\t\t<\/div>\n\t\t\t\t<\/div>\n\t\t","protected":false},"excerpt":{"rendered":"<p>Aucune offre d\u2019emploi pour le momentNous n\u2019avons pas encore d\u2019offres disponibles sur BC Jobs. Revenez bient\u00f4t : des opportunit\u00e9s seront propos\u00e9es prochainement.<\/p>\n","protected":false},"author":1,"featured_media":0,"parent":0,"menu_order":0,"comment_status":"closed","ping_status":"closed","template":"","meta":{"footnotes":""},"class_list":["post-60","page","type-page","status-publish","hentry"],"_links":{"self":[{"href":"https:\/\/bcjobs.fr\/index.php\/wp-json\/wp\/v2\/pages\/60","targetHints":{"allow":["GET"]}}],"collection":[{"href":"https:\/\/bcjobs.fr\/index.php\/wp-json\/wp\/v2\/pages"}],"about":[{"href":"https:\/\/bcjobs.fr\/index.php\/wp-json\/wp\/v2\/types\/page"}],"author":[{"embeddable":true,"href":"https:\/\/bcjobs.fr\/index.php\/wp-json\/wp\/v2\/users\/1"}],"replies":[{"embeddable":true,"href":"https:\/\/bcjobs.fr\/index.php\/wp-json\/wp\/v2\/comments?post=60"}],"version-history":[{"count":13,"href":"https:\/\/bcjobs.fr\/index.php\/wp-json\/wp\/v2\/pages\/60\/revisions"}],"predecessor-version":[{"id":324,"href":"https:\/\/bcjobs.fr\/index.php\/wp-json\/wp\/v2\/pages\/60\/revisions\/324"}],"wp:attachment":[{"href":"https:\/\/bcjobs.fr\/index.php\/wp-json\/wp\/v2\/media?parent=60"}],"curies":[{"name":"wp","href":"https:\/\/api.w.org\/{rel}","templated":true}]}}